{"id":2,"date":"2024-05-17T22:49:07","date_gmt":"2024-05-17T22:49:07","guid":{"rendered":"http:\/\/odkrywcy.info\/?page_id=2"},"modified":"2024-05-19T18:52:42","modified_gmt":"2024-05-19T17:52:42","slug":"sample-page","status":"publish","type":"page","link":"https:\/\/odkrywcy.info\/?page_id=2","title":{"rendered":"o Przedszkolu"},"content":{"rendered":"\n<div class=\"wp-block-group is-vertical is-content-justification-stretch is-layout-flex wp-container-core-group-is-layout-18 wp-block-group-is-layout-flex\">\n<div class=\"wp-block-group is-vertical is-layout-flex wp-container-core-group-is-layout-1 wp-block-group-is-layout-flex\" style=\"padding-top:var(--wp--preset--spacing--50);padding-bottom:var(--wp--preset--spacing--50)\">\n<h2 class=\"wp-block-heading\">Nasze Warto\u015bci<\/h2>\n\n\n\n<p>Lorem ipsum dolor sit amet, consectetur adipiscing elit, sed do eiusmod.<\/p>\n<\/div>\n\n\n\n<div class=\"wp-block-group is-vertical is-layout-flex wp-container-core-group-is-layout-2 wp-block-group-is-layout-flex\" style=\"padding-top:var(--wp--preset--spacing--50);padding-bottom:var(--wp--preset--spacing--50)\">\n<h3 class=\"wp-block-heading\" id=\"4-glowne\">4 G\u0142\u00f3wne warto\u015bci<\/h3>\n\n\n\n<div class=\"wp-block-columns is-layout-flex wp-container-core-columns-is-layout-1 wp-block-columns-is-layout-flex\">\n<div class=\"wp-block-column has-background is-layout-flow wp-block-column-is-layout-flow\" style=\"background-color:#e4ddd0;padding-top:var(--wp--preset--spacing--60);padding-right:var(--wp--preset--spacing--60);padding-bottom:var(--wp--preset--spacing--60);padding-left:var(--wp--preset--spacing--60)\">\n<figure class=\"wp-block-image size-full is-resized\"><img loading=\"lazy\" decoding=\"async\" width=\"801\" height=\"801\" src=\"https:\/\/odkrywcy.info\/wp-content\/uploads\/2024\/05\/Oko@4x-8.png\" alt=\"\" class=\"wp-image-36\" style=\"width:100px\" srcset=\"https:\/\/odkrywcy.info\/wp-content\/uploads\/2024\/05\/Oko@4x-8.png 801w, https:\/\/odkrywcy.info\/wp-content\/uploads\/2024\/05\/Oko@4x-8-300x300.png 300w, https:\/\/odkrywcy.info\/wp-content\/uploads\/2024\/05\/Oko@4x-8-150x150.png 150w, https:\/\/odkrywcy.info\/wp-content\/uploads\/2024\/05\/Oko@4x-8-768x768.png 768w\" sizes=\"(max-width: 801px) 100vw, 801px\" \/><\/figure>\n\n\n\n<h4 class=\"wp-block-heading\">Zwolnij<\/h4>\n\n\n\n<p>Lorem ipsum dolor sit amet, consectetur adipiscing elit, sed do eiusmod.<\/p>\n<\/div>\n\n\n\n<div class=\"wp-block-column has-background is-layout-flow wp-block-column-is-layout-flow\" style=\"background-color:#e4ddd0;padding-top:var(--wp--preset--spacing--60);padding-right:var(--wp--preset--spacing--60);padding-bottom:var(--wp--preset--spacing--60);padding-left:var(--wp--preset--spacing--60)\">\n<figure class=\"wp-block-image size-full is-resized\"><img loading=\"lazy\" decoding=\"async\" width=\"801\" height=\"801\" src=\"https:\/\/odkrywcy.info\/wp-content\/uploads\/2024\/05\/Usmiech@4x-8.png\" alt=\"\" class=\"wp-image-39\" style=\"width:100px\" srcset=\"https:\/\/odkrywcy.info\/wp-content\/uploads\/2024\/05\/Usmiech@4x-8.png 801w, https:\/\/odkrywcy.info\/wp-content\/uploads\/2024\/05\/Usmiech@4x-8-300x300.png 300w, https:\/\/odkrywcy.info\/wp-content\/uploads\/2024\/05\/Usmiech@4x-8-150x150.png 150w, https:\/\/odkrywcy.info\/wp-content\/uploads\/2024\/05\/Usmiech@4x-8-768x768.png 768w\" sizes=\"(max-width: 801px) 100vw, 801px\" \/><\/figure>\n\n\n\n<h4 class=\"wp-block-heading\">We\u017a g\u0142\u0119boki oddech<\/h4>\n\n\n\n<p>Lorem ipsum dolor sit amet, consectetur adipiscing elit, sed do eiusmod.<\/p>\n<\/div>\n<\/div>\n\n\n\n<div class=\"wp-block-columns is-layout-flex wp-container-core-columns-is-layout-2 wp-block-columns-is-layout-flex\">\n<div class=\"wp-block-column has-background is-layout-flow wp-block-column-is-layout-flow\" style=\"background-color:#e4ddd0;padding-top:var(--wp--preset--spacing--60);padding-right:var(--wp--preset--spacing--60);padding-bottom:var(--wp--preset--spacing--60);padding-left:var(--wp--preset--spacing--60)\">\n<figure class=\"wp-block-image size-full is-resized\"><img loading=\"lazy\" decoding=\"async\" width=\"801\" height=\"801\" src=\"https:\/\/odkrywcy.info\/wp-content\/uploads\/2024\/05\/Reka@4x-8.png\" alt=\"\" class=\"wp-image-37\" style=\"width:100px\" srcset=\"https:\/\/odkrywcy.info\/wp-content\/uploads\/2024\/05\/Reka@4x-8.png 801w, https:\/\/odkrywcy.info\/wp-content\/uploads\/2024\/05\/Reka@4x-8-300x300.png 300w, https:\/\/odkrywcy.info\/wp-content\/uploads\/2024\/05\/Reka@4x-8-150x150.png 150w, https:\/\/odkrywcy.info\/wp-content\/uploads\/2024\/05\/Reka@4x-8-768x768.png 768w\" sizes=\"(max-width: 801px) 100vw, 801px\" \/><\/figure>\n\n\n\n<h4 class=\"wp-block-heading\">Nawi\u0105\u017c kontakt<\/h4>\n\n\n\n<p>Lorem ipsum dolor sit amet, consectetur adipiscing elit, sed do eiusmod.<\/p>\n<\/div>\n\n\n\n<div class=\"wp-block-column has-background is-layout-flow wp-block-column-is-layout-flow\" style=\"background-color:#e4ddd0;padding-top:var(--wp--preset--spacing--60);padding-right:var(--wp--preset--spacing--60);padding-bottom:var(--wp--preset--spacing--60);padding-left:var(--wp--preset--spacing--60)\">\n<figure class=\"wp-block-image size-full is-resized\"><img loading=\"lazy\" decoding=\"async\" width=\"801\" height=\"801\" src=\"https:\/\/odkrywcy.info\/wp-content\/uploads\/2024\/05\/Ucho@4x-8.png\" alt=\"\" class=\"wp-image-38\" style=\"width:100px\" srcset=\"https:\/\/odkrywcy.info\/wp-content\/uploads\/2024\/05\/Ucho@4x-8.png 801w, https:\/\/odkrywcy.info\/wp-content\/uploads\/2024\/05\/Ucho@4x-8-300x300.png 300w, https:\/\/odkrywcy.info\/wp-content\/uploads\/2024\/05\/Ucho@4x-8-150x150.png 150w, https:\/\/odkrywcy.info\/wp-content\/uploads\/2024\/05\/Ucho@4x-8-768x768.png 768w\" sizes=\"(max-width: 801px) 100vw, 801px\" \/><\/figure>\n\n\n\n<h4 class=\"wp-block-heading\">Zrozum<\/h4>\n\n\n\n<p>Lorem ipsum dolor sit amet, consectetur adipiscing elit, sed do eiusmod.<\/p>\n<\/div>\n<\/div>\n<\/div>\n\n\n\n<div class=\"wp-block-group wp-container-content-15 is-layout-flex wp-container-core-group-is-layout-17 wp-block-group-is-layout-flex\" style=\"padding-top:var(--wp--preset--spacing--50);padding-bottom:var(--wp--preset--spacing--50)\">\n<h3 class=\"wp-block-heading\" id=\"14-wartosci\">14 warto\u015bci wynikaj\u0105cych<\/h3>\n\n\n\n<div class=\"wp-block-group wp-container-content-1 is-horizontal is-content-justification-left is-nowrap is-layout-flex wp-container-core-group-is-layout-3 wp-block-group-is-layout-flex\" style=\"border-width:1px;margin-top:0;margin-bottom:0;padding-top:var(--wp--preset--spacing--30);padding-right:var(--wp--preset--spacing--50);padding-bottom:var(--wp--preset--spacing--30);padding-left:var(--wp--preset--spacing--50)\">\n<figure class=\"wp-block-image size-full is-resized\"><img loading=\"lazy\" decoding=\"async\" width=\"200\" height=\"200\" src=\"https:\/\/odkrywcy.info\/wp-content\/uploads\/2024\/05\/Odkrywcy-strona-grupa.png\" alt=\"\" class=\"wp-image-62\" style=\"width:78px;height:auto\" srcset=\"https:\/\/odkrywcy.info\/wp-content\/uploads\/2024\/05\/Odkrywcy-strona-grupa.png 200w, https:\/\/odkrywcy.info\/wp-content\/uploads\/2024\/05\/Odkrywcy-strona-grupa-150x150.png 150w\" sizes=\"(max-width: 200px) 100vw, 200px\" \/><\/figure>\n\n\n\n<h4 class=\"wp-block-heading\"><strong>Przynale\u017cno\u015b\u0107, wsp\u00f3lnota, relacje<\/strong><\/h4>\n<\/div>\n\n\n\n<div class=\"wp-block-group wp-container-content-2 is-horizontal is-content-justification-left is-nowrap is-layout-flex wp-container-core-group-is-layout-4 wp-block-group-is-layout-flex\" style=\"border-width:1px;margin-top:0;margin-bottom:0;padding-top:var(--wp--preset--spacing--30);padding-right:var(--wp--preset--spacing--50);padding-bottom:var(--wp--preset--spacing--30);padding-left:var(--wp--preset--spacing--50)\">\n<figure class=\"wp-block-image size-full is-resized\"><img loading=\"lazy\" decoding=\"async\" width=\"200\" height=\"200\" src=\"https:\/\/odkrywcy.info\/wp-content\/uploads\/2024\/05\/Odkrywcy-strona-glowe.png\" alt=\"\" class=\"wp-image-64\" style=\"width:78px;height:auto\" srcset=\"https:\/\/odkrywcy.info\/wp-content\/uploads\/2024\/05\/Odkrywcy-strona-glowe.png 200w, https:\/\/odkrywcy.info\/wp-content\/uploads\/2024\/05\/Odkrywcy-strona-glowe-150x150.png 150w\" sizes=\"(max-width: 200px) 100vw, 200px\" \/><\/figure>\n\n\n\n<h4 class=\"wp-block-heading\"><strong><strong><strong>Kreatywno\u015b\u0107,<\/strong> rozw\u00f3j, pasje<\/strong><\/strong><\/h4>\n<\/div>\n\n\n\n<div class=\"wp-block-group wp-container-content-3 is-horizontal is-content-justification-left is-nowrap is-layout-flex wp-container-core-group-is-layout-5 wp-block-group-is-layout-flex\" style=\"border-width:1px;margin-top:0;margin-bottom:0;padding-top:var(--wp--preset--spacing--30);padding-right:var(--wp--preset--spacing--50);padding-bottom:var(--wp--preset--spacing--30);padding-left:var(--wp--preset--spacing--50)\">\n<figure class=\"wp-block-image size-full is-resized\"><img loading=\"lazy\" decoding=\"async\" width=\"200\" height=\"200\" src=\"https:\/\/odkrywcy.info\/wp-content\/uploads\/2024\/05\/Odkrywcy-strona-rece.png\" alt=\"\" class=\"wp-image-57\" style=\"width:78px;height:auto\" srcset=\"https:\/\/odkrywcy.info\/wp-content\/uploads\/2024\/05\/Odkrywcy-strona-rece.png 200w, https:\/\/odkrywcy.info\/wp-content\/uploads\/2024\/05\/Odkrywcy-strona-rece-150x150.png 150w\" sizes=\"(max-width: 200px) 100vw, 200px\" \/><\/figure>\n\n\n\n<h4 class=\"wp-block-heading\"><strong>Blisko\u015b\u0107, uwa\u017cno\u015b\u0107, empatia<\/strong><\/h4>\n<\/div>\n\n\n\n<div class=\"wp-block-group wp-container-content-4 is-horizontal is-content-justification-left is-nowrap is-layout-flex wp-container-core-group-is-layout-6 wp-block-group-is-layout-flex\" style=\"border-width:1px;margin-top:0;margin-bottom:0;padding-top:var(--wp--preset--spacing--30);padding-right:var(--wp--preset--spacing--50);padding-bottom:var(--wp--preset--spacing--30);padding-left:var(--wp--preset--spacing--50)\">\n<figure class=\"wp-block-image size-full is-resized\"><img loading=\"lazy\" decoding=\"async\" width=\"200\" height=\"200\" src=\"https:\/\/odkrywcy.info\/wp-content\/uploads\/2024\/05\/Odkrywcy-strona-granice.png\" alt=\"\" class=\"wp-image-56\" style=\"width:78px;height:auto\" srcset=\"https:\/\/odkrywcy.info\/wp-content\/uploads\/2024\/05\/Odkrywcy-strona-granice.png 200w, https:\/\/odkrywcy.info\/wp-content\/uploads\/2024\/05\/Odkrywcy-strona-granice-150x150.png 150w\" sizes=\"(max-width: 200px) 100vw, 200px\" \/><\/figure>\n\n\n\n<h4 class=\"wp-block-heading\"><strong><strong>Granice, przestrze\u0144, autonomia<\/strong><\/strong><\/h4>\n<\/div>\n\n\n\n<div class=\"wp-block-group wp-container-content-5 is-horizontal is-content-justification-left is-nowrap is-layout-flex wp-container-core-group-is-layout-7 wp-block-group-is-layout-flex\" style=\"border-width:1px;margin-top:0;margin-bottom:0;padding-top:var(--wp--preset--spacing--30);padding-right:var(--wp--preset--spacing--50);padding-bottom:var(--wp--preset--spacing--30);padding-left:var(--wp--preset--spacing--50)\">\n<figure class=\"wp-block-image size-full is-resized\"><img loading=\"lazy\" decoding=\"async\" width=\"200\" height=\"200\" src=\"https:\/\/odkrywcy.info\/wp-content\/uploads\/2024\/05\/Odkrywcy-strona-hands.png\" alt=\"\" class=\"wp-image-58\" style=\"width:78px;height:auto\" srcset=\"https:\/\/odkrywcy.info\/wp-content\/uploads\/2024\/05\/Odkrywcy-strona-hands.png 200w, https:\/\/odkrywcy.info\/wp-content\/uploads\/2024\/05\/Odkrywcy-strona-hands-150x150.png 150w\" sizes=\"(max-width: 200px) 100vw, 200px\" \/><\/figure>\n\n\n\n<h4 class=\"wp-block-heading\"><strong><strong><strong>Akceptacja, pomoc, wsparcie<\/strong><\/strong><\/strong><\/h4>\n<\/div>\n\n\n\n<div class=\"wp-block-group wp-container-content-6 is-horizontal is-content-justification-left is-nowrap is-layout-flex wp-container-core-group-is-layout-8 wp-block-group-is-layout-flex\" style=\"border-width:1px;margin-top:0;margin-bottom:0;padding-top:var(--wp--preset--spacing--30);padding-right:var(--wp--preset--spacing--50);padding-bottom:var(--wp--preset--spacing--30);padding-left:var(--wp--preset--spacing--50)\">\n<figure class=\"wp-block-image size-full is-resized\"><img loading=\"lazy\" decoding=\"async\" width=\"200\" height=\"200\" src=\"https:\/\/odkrywcy.info\/wp-content\/uploads\/2024\/05\/Odkrywcy-strona-glowaNatura.png\" alt=\"\" class=\"wp-image-63\" style=\"width:78px;height:auto\" srcset=\"https:\/\/odkrywcy.info\/wp-content\/uploads\/2024\/05\/Odkrywcy-strona-glowaNatura.png 200w, https:\/\/odkrywcy.info\/wp-content\/uploads\/2024\/05\/Odkrywcy-strona-glowaNatura-150x150.png 150w\" sizes=\"(max-width: 200px) 100vw, 200px\" \/><\/figure>\n\n\n\n<h4 class=\"wp-block-heading\"><strong><strong>Ruch, rado\u015b\u0107, zabawa<\/strong><\/strong><\/h4>\n<\/div>\n\n\n\n<div class=\"wp-block-group wp-container-content-7 is-horizontal is-content-justification-left is-nowrap is-layout-flex wp-container-core-group-is-layout-9 wp-block-group-is-layout-flex\" style=\"border-width:1px;margin-top:0;margin-bottom:0;padding-top:var(--wp--preset--spacing--30);padding-right:var(--wp--preset--spacing--50);padding-bottom:var(--wp--preset--spacing--30);padding-left:var(--wp--preset--spacing--50)\">\n<figure class=\"wp-block-image size-full is-resized\"><img loading=\"lazy\" decoding=\"async\" width=\"200\" height=\"200\" src=\"https:\/\/odkrywcy.info\/wp-content\/uploads\/2024\/05\/Odkrywcy-strona-food.png\" alt=\"\" class=\"wp-image-87\" style=\"width:78px;height:auto\" srcset=\"https:\/\/odkrywcy.info\/wp-content\/uploads\/2024\/05\/Odkrywcy-strona-food.png 200w, https:\/\/odkrywcy.info\/wp-content\/uploads\/2024\/05\/Odkrywcy-strona-food-150x150.png 150w\" sizes=\"(max-width: 200px) 100vw, 200px\" \/><\/figure>\n\n\n\n<h4 class=\"wp-block-heading\"><strong><strong>Zdrowie, si\u0142a, dobrostan<\/strong><\/strong><\/h4>\n<\/div>\n\n\n\n<div class=\"wp-block-group wp-container-content-8 is-horizontal is-content-justification-left is-nowrap is-layout-flex wp-container-core-group-is-layout-10 wp-block-group-is-layout-flex\" style=\"border-width:1px;margin-top:0;margin-bottom:0;padding-top:var(--wp--preset--spacing--30);padding-right:var(--wp--preset--spacing--50);padding-bottom:var(--wp--preset--spacing--30);padding-left:var(--wp--preset--spacing--50)\">\n<figure class=\"wp-block-image size-full is-resized\"><img loading=\"lazy\" decoding=\"async\" width=\"200\" height=\"200\" src=\"https:\/\/odkrywcy.info\/wp-content\/uploads\/2024\/05\/Odkrywcy-strona-i_am.png\" alt=\"\" class=\"wp-image-85\" style=\"width:78px;height:auto\" srcset=\"https:\/\/odkrywcy.info\/wp-content\/uploads\/2024\/05\/Odkrywcy-strona-i_am.png 200w, https:\/\/odkrywcy.info\/wp-content\/uploads\/2024\/05\/Odkrywcy-strona-i_am-150x150.png 150w\" sizes=\"(max-width: 200px) 100vw, 200px\" \/><\/figure>\n\n\n\n<h4 class=\"wp-block-heading\"><strong><strong>Samostanowienie, moc, samorealizacja<\/strong><\/strong><\/h4>\n<\/div>\n\n\n\n<div class=\"wp-block-group wp-container-content-9 is-horizontal is-content-justification-left is-nowrap is-layout-flex wp-container-core-group-is-layout-11 wp-block-group-is-layout-flex\" style=\"border-width:1px;margin-top:0;margin-bottom:0;padding-top:var(--wp--preset--spacing--30);padding-right:var(--wp--preset--spacing--50);padding-bottom:var(--wp--preset--spacing--30);padding-left:var(--wp--preset--spacing--50)\">\n<figure class=\"wp-block-image size-full is-resized\"><img loading=\"lazy\" decoding=\"async\" width=\"200\" height=\"200\" src=\"https:\/\/odkrywcy.info\/wp-content\/uploads\/2024\/05\/Odkrywcy-strona-kumple.png\" alt=\"\" class=\"wp-image-86\" style=\"width:78px;height:auto\" srcset=\"https:\/\/odkrywcy.info\/wp-content\/uploads\/2024\/05\/Odkrywcy-strona-kumple.png 200w, https:\/\/odkrywcy.info\/wp-content\/uploads\/2024\/05\/Odkrywcy-strona-kumple-150x150.png 150w\" sizes=\"(max-width: 200px) 100vw, 200px\" \/><\/figure>\n\n\n\n<h4 class=\"wp-block-heading\"><strong><strong>Przyja\u017a\u0144, r\u00f3wno\u015b\u0107, uwzgl\u0119dnienie<\/strong><\/strong><\/h4>\n<\/div>\n\n\n\n<div class=\"wp-block-group wp-container-content-10 is-horizontal is-content-justification-left is-nowrap is-layout-flex wp-container-core-group-is-layout-12 wp-block-group-is-layout-flex\" style=\"border-width:1px;margin-top:0;margin-bottom:0;padding-top:var(--wp--preset--spacing--30);padding-right:var(--wp--preset--spacing--50);padding-bottom:var(--wp--preset--spacing--30);padding-left:var(--wp--preset--spacing--50)\">\n<figure class=\"wp-block-image size-full is-resized\"><img decoding=\"async\"  src=\"https:\/\/odkrywcy.info\/wp-content\/uploads\/2024\/05\/Blocks.svg\" alt=\"\" class=\"wp-image-89\" style=\"width:78px;height:auto\"\/><\/figure>\n\n\n\n<h4 class=\"wp-block-heading\"><strong><strong>Porz\u0105dek, plan, struktura<\/strong><\/strong><\/h4>\n<\/div>\n\n\n\n<div class=\"wp-block-group wp-container-content-11 is-horizontal is-content-justification-left is-nowrap is-layout-flex wp-container-core-group-is-layout-13 wp-block-group-is-layout-flex\" style=\"border-width:1px;margin-top:0;margin-bottom:0;padding-top:var(--wp--preset--spacing--30);padding-right:var(--wp--preset--spacing--50);padding-bottom:var(--wp--preset--spacing--30);padding-left:var(--wp--preset--spacing--50)\">\n<figure class=\"wp-block-image size-full is-resized\"><img decoding=\"async\"  src=\"https:\/\/odkrywcy.info\/wp-content\/uploads\/2024\/05\/Chat.svg\" alt=\"\" class=\"wp-image-90\" style=\"width:78px;height:auto\"\/><\/figure>\n\n\n\n<h4 class=\"wp-block-heading\"><strong><strong>Wyrozumia\u0142o\u015b\u0107, dialog, porozumienie<\/strong><\/strong><\/h4>\n<\/div>\n\n\n\n<div class=\"wp-block-group wp-container-content-12 is-horizontal is-content-justification-left is-nowrap is-layout-flex wp-container-core-group-is-layout-14 wp-block-group-is-layout-flex\" style=\"border-width:1px;margin-top:0;margin-bottom:0;padding-top:var(--wp--preset--spacing--30);padding-right:var(--wp--preset--spacing--50);padding-bottom:var(--wp--preset--spacing--30);padding-left:var(--wp--preset--spacing--50)\">\n<figure class=\"wp-block-image size-full is-resized\"><img decoding=\"async\"  src=\"https:\/\/odkrywcy.info\/wp-content\/uploads\/2024\/05\/Lovely-home.svg\" alt=\"\" class=\"wp-image-91\" style=\"width:78px;height:auto\"\/><\/figure>\n\n\n\n<h4 class=\"wp-block-heading\">Ochrona, troska, bezpiecze\u0144stwo<\/h4>\n<\/div>\n\n\n\n<div class=\"wp-block-group wp-container-content-13 is-horizontal is-content-justification-left is-nowrap is-layout-flex wp-container-core-group-is-layout-15 wp-block-group-is-layout-flex\" style=\"border-width:1px;margin-top:0;margin-bottom:0;padding-top:var(--wp--preset--spacing--30);padding-right:var(--wp--preset--spacing--50);padding-bottom:var(--wp--preset--spacing--30);padding-left:var(--wp--preset--spacing--50)\">\n<figure class=\"wp-block-image size-full is-resized\"><img decoding=\"async\"  src=\"https:\/\/odkrywcy.info\/wp-content\/uploads\/2024\/05\/Precious.svg\" alt=\"\" class=\"wp-image-94\" style=\"width:78px;height:auto\"\/><\/figure>\n\n\n\n<h4 class=\"wp-block-heading\">Uwaga, zachwyt, wyrozumia\u0142o\u015b\u0107<\/h4>\n<\/div>\n\n\n\n<div class=\"wp-block-group wp-container-content-14 is-horizontal is-content-justification-left is-nowrap is-layout-flex wp-container-core-group-is-layout-16 wp-block-group-is-layout-flex\" style=\"border-width:1px;margin-top:0;margin-bottom:0;padding-top:var(--wp--preset--spacing--30);padding-right:var(--wp--preset--spacing--50);padding-bottom:var(--wp--preset--spacing--30);padding-left:var(--wp--preset--spacing--50)\">\n<figure class=\"wp-block-image size-full is-resized\"><img decoding=\"async\"  src=\"https:\/\/odkrywcy.info\/wp-content\/uploads\/2024\/05\/hands.svg\" alt=\"\" class=\"wp-image-93\" style=\"width:78px;height:auto\"\/><\/figure>\n\n\n\n<h4 class=\"wp-block-heading\">Uczciwo\u015b\u0107, sprawiedliwo\u015b\u0107, zaufanie<\/h4>\n<\/div>\n<\/div>\n<\/div>\n","protected":false},"excerpt":{"rendered":"<p>Nasze Warto\u015bci Lorem ipsum dolor sit amet, consectetur adipiscing elit, sed do eiusmod. 4 G\u0142\u00f3wne warto\u015bci Zwolnij Lorem ipsum dolor sit amet, consectetur adipiscing elit, sed do eiusmod. We\u017a g\u0142\u0119boki oddech Lorem ipsum dolor sit amet, consectetur adipiscing elit, sed do eiusmod. Nawi\u0105\u017c kontakt Lorem ipsum dolor sit amet, consectetur adipiscing elit, sed do eiusmod. [&hellip;]<\/p>\n","protected":false},"author":1,"featured_media":0,"parent":0,"menu_order":0,"comment_status":"closed","ping_status":"open","template":"","meta":{"_themeisle_gutenberg_block_has_review":false,"footnotes":""},"_links":{"self":[{"href":"https:\/\/odkrywcy.info\/index.php?rest_route=\/wp\/v2\/pages\/2"}],"collection":[{"href":"https:\/\/odkrywcy.info\/index.php?rest_route=\/wp\/v2\/pages"}],"about":[{"href":"https:\/\/odkrywcy.info\/index.php?rest_route=\/wp\/v2\/types\/page"}],"author":[{"embeddable":true,"href":"https:\/\/odkrywcy.info\/index.php?rest_route=\/wp\/v2\/users\/1"}],"replies":[{"embeddable":true,"href":"https:\/\/odkrywcy.info\/index.php?rest_route=%2Fwp%2Fv2%2Fcomments&post=2"}],"version-history":[{"count":13,"href":"https:\/\/odkrywcy.info\/index.php?rest_route=\/wp\/v2\/pages\/2\/revisions"}],"predecessor-version":[{"id":95,"href":"https:\/\/odkrywcy.info\/index.php?rest_route=\/wp\/v2\/pages\/2\/revisions\/95"}],"wp:attachment":[{"href":"https:\/\/odkrywcy.info\/index.php?rest_route=%2Fwp%2Fv2%2Fmedia&parent=2"}],"curies":[{"name":"wp","href":"https:\/\/api.w.org\/{rel}","templated":true}]}}